{"id":511,"date":"2019-11-14T16:11:30","date_gmt":"2019-11-14T14:11:30","guid":{"rendered":"https:\/\/slavutawood.com\/?page_id=511"},"modified":"2023-03-30T15:13:03","modified_gmt":"2023-03-30T12:13:03","slug":"certificates","status":"publish","type":"page","link":"https:\/\/slavutawood.com\/cs\/certificates\/","title":{"rendered":"Certifik\u00e1ty"},"content":{"rendered":"<div data-elementor-type=\"wp-post\" data-elementor-id=\"511\" class=\"elementor elementor-511\" data-elementor-post-type=\"page\">\n\t\t\t\t\t\t<section class=\"elementor-section elementor-top-section elementor-element elementor-element-5b28e3e6 elementor-section-stretched elementor-section-full_width elementor-section-height-min-height elementor-section-height-default elementor-section-items-middle\" data-id=\"5b28e3e6\" data-element_type=\"section\" data-settings=\"{&quot;background_background&quot;:&quot;classic&quot;,&quot;stretch_section&quot;:&quot;section-stretched&quot;}\">\n\t\t\t\t\t\t<div class=\"elementor-container elementor-column-gap-no\">\n\t\t\t\t\t<div class=\"elementor-column elementor-col-100 elementor-top-column elementor-element elementor-element-6278e537\" data-id=\"6278e537\" data-element_type=\"column\">\n\t\t\t<div class=\"elementor-widget-wrap elementor-element-populated\">\n\t\t\t\t\t\t<div class=\"elementor-element elementor-element-e66a4b2 elementor-arrows-position-inside elementor-widget elementor-widget-image-carousel\" data-id=\"e66a4b2\" data-element_type=\"widget\" data-settings=\"{&quot;slides_to_show&quot;:&quot;1&quot;,&quot;navigation&quot;:&quot;arrows&quot;,&quot;effect&quot;:&quot;fade&quot;,&quot;autoplay&quot;:&quot;yes&quot;,&quot;pause_on_hover&quot;:&quot;yes&quot;,&quot;pause_on_interaction&quot;:&quot;yes&quot;,&quot;autoplay_speed&quot;:5000,&quot;infinite&quot;:&quot;yes&quot;,&quot;speed&quot;:500}\" data-widget_type=\"image-carousel.default\">\n\t\t\t\t<div class=\"elementor-widget-container\">\n\t\t\t\t\t<div class=\"elementor-image-carousel-wrapper swiper\" dir=\"ltr\">\n\t\t\t<div class=\"elementor-image-carousel swiper-wrapper\" aria-live=\"off\">\n\t\t\t\t\t\t\t\t<div class=\"swiper-slide\" role=\"group\" aria-roledescription=\"slide\" aria-label=\"1 z 3\"><figure class=\"swiper-slide-inner\"><img decoding=\"async\" class=\"swiper-slide-image\" src=\"https:\/\/slavutawood.com\/wp-content\/uploads\/elementor\/thumbs\/header-bg-q2rwe53n194xwiwesdj26jv06ox0nsvfszo8m8bptc.jpg\" alt=\"header-bg\" \/><\/figure><\/div><div class=\"swiper-slide\" role=\"group\" aria-roledescription=\"slide\" aria-label=\"2 z 3\"><figure class=\"swiper-slide-inner\"><img decoding=\"async\" class=\"swiper-slide-image\" src=\"https:\/\/slavutawood.com\/wp-content\/uploads\/elementor\/thumbs\/footer-1920-01-q2rwe53n194xwiwesdj26jv06ox0nsvfszo8m8bptc.jpg\" alt=\"footer-1920-01\" \/><\/figure><\/div><div class=\"swiper-slide\" role=\"group\" aria-roledescription=\"slide\" aria-label=\"3 z 3\"><figure class=\"swiper-slide-inner\"><img decoding=\"async\" class=\"swiper-slide-image\" src=\"https:\/\/slavutawood.com\/wp-content\/uploads\/elementor\/thumbs\/footer-1920-02-q2rwe53n194xwiwesdj26jv06ox0nsvfszo8m8bptc.jpg\" alt=\"footer-1920-02\" \/><\/figure><\/div>\t\t\t<\/div>\n\t\t\t\t\t\t\t\t\t\t\t\t<div class=\"elementor-swiper-button elementor-swiper-button-prev\" role=\"button\" tabindex=\"0\">\n\t\t\t\t\t\t<i aria-hidden=\"true\" class=\"eicon-chevron-left\"><\/i>\t\t\t\t\t<\/div>\n\t\t\t\t\t<div class=\"elementor-swiper-button elementor-swiper-button-next\" role=\"button\" tabindex=\"0\">\n\t\t\t\t\t\t<i aria-hidden=\"true\" class=\"eicon-chevron-right\"><\/i>\t\t\t\t\t<\/div>\n\t\t\t\t\n\t\t\t\t\t\t\t\t\t<\/div>\n\t\t\t\t<\/div>\n\t\t\t\t<\/div>\n\t\t\t\t\t<\/div>\n\t\t<\/div>\n\t\t\t\t\t<\/div>\n\t\t<\/section>\n\t\t\t\t<section class=\"elementor-section elementor-top-section elementor-element elementor-element-33fe3300 elementor-section-full_width elementor-section-height-default elementor-section-height-default elementor-invisible\" data-id=\"33fe3300\" data-element_type=\"section\" data-settings=\"{&quot;animation&quot;:&quot;fadeInRight&quot;}\">\n\t\t\t\t\t\t<div class=\"elementor-container elementor-column-gap-default\">\n\t\t\t\t\t<div class=\"elementor-column elementor-col-100 elementor-top-column elementor-element elementor-element-7fbe1e3\" data-id=\"7fbe1e3\" data-element_type=\"column\">\n\t\t\t<div class=\"elementor-widget-wrap elementor-element-populated\">\n\t\t\t\t\t\t<section class=\"elementor-section elementor-inner-section elementor-element elementor-element-1ab254a elementor-section-boxed elementor-section-height-default elementor-section-height-default\" data-id=\"1ab254a\" data-element_type=\"section\">\n\t\t\t\t\t\t<div class=\"elementor-container elementor-column-gap-default\">\n\t\t\t\t\t<div class=\"elementor-column elementor-col-100 elementor-inner-column elementor-element elementor-element-2305d06 elementor-invisible\" data-id=\"2305d06\" data-element_type=\"column\" data-settings=\"{&quot;animation&quot;:&quot;fadeInRight&quot;}\">\n\t\t\t<div class=\"elementor-widget-wrap elementor-element-populated\">\n\t\t\t\t\t\t<div class=\"elementor-element elementor-element-73310ab elementor-widget elementor-widget-heading\" data-id=\"73310ab\" data-element_type=\"widget\" data-widget_type=\"heading.default\">\n\t\t\t\t<div class=\"elementor-widget-container\">\n\t\t\t<h3 class=\"elementor-heading-title elementor-size-default\">Na\u0161e certifik\u00e1ty<\/h3>\t\t<\/div>\n\t\t\t\t<\/div>\n\t\t\t\t<div class=\"elementor-element elementor-element-3f8950a elementor-widget elementor-widget-heading\" data-id=\"3f8950a\" data-element_type=\"widget\" data-widget_type=\"heading.default\">\n\t\t\t\t<div class=\"elementor-widget-container\">\n\t\t\t<h2 class=\"elementor-heading-title elementor-size-default\">Slavuta Wood <\/h2>\t\t<\/div>\n\t\t\t\t<\/div>\n\t\t\t\t<div class=\"elementor-element elementor-element-f957ba7 elementor-widget-divider--view-line elementor-widget elementor-widget-divider\" data-id=\"f957ba7\" data-element_type=\"widget\" data-widget_type=\"divider.default\">\n\t\t\t\t<div class=\"elementor-widget-container\">\n\t\t\t\t\t<div class=\"elementor-divider\">\n\t\t\t<span class=\"elementor-divider-separator\">\n\t\t\t\t\t\t<\/span>\n\t\t<\/div>\n\t\t\t\t<\/div>\n\t\t\t\t<\/div>\n\t\t\t\t<div class=\"elementor-element elementor-element-72ea5ec elementor-widget-divider--view-line elementor-widget elementor-widget-divider\" data-id=\"72ea5ec\" data-element_type=\"widget\" data-widget_type=\"divider.default\">\n\t\t\t\t<div class=\"elementor-widget-container\">\n\t\t\t\t\t<div class=\"elementor-divider\">\n\t\t\t<span class=\"elementor-divider-separator\">\n\t\t\t\t\t\t<\/span>\n\t\t<\/div>\n\t\t\t\t<\/div>\n\t\t\t\t<\/div>\n\t\t\t\t\t<\/div>\n\t\t<\/div>\n\t\t\t\t\t<\/div>\n\t\t<\/section>\n\t\t\t\t<section class=\"elementor-section elementor-inner-section elementor-element elementor-element-3745c6e elementor-section-boxed elementor-section-height-default elementor-section-height-default\" data-id=\"3745c6e\" data-element_type=\"section\">\n\t\t\t\t\t\t<div class=\"elementor-container elementor-column-gap-default\">\n\t\t\t\t\t<div class=\"elementor-column elementor-col-50 elementor-inner-column elementor-element elementor-element-41afbde\" data-id=\"41afbde\" data-element_type=\"column\">\n\t\t\t<div class=\"elementor-widget-wrap elementor-element-populated\">\n\t\t\t\t\t\t<div class=\"elementor-element elementor-element-9001a26 elementor-widget elementor-widget-image\" data-id=\"9001a26\" data-element_type=\"widget\" data-widget_type=\"image.default\">\n\t\t\t\t<div class=\"elementor-widget-container\">\n\t\t\t\t\t\t\t\t\t\t\t\t\t<img decoding=\"async\" src=\"https:\/\/slavutawood.com\/wp-content\/uploads\/elementor\/thumbs\/icon-fsc-q2rwe52zn8mkdzfqu1n6y8zmgp3dwvzono235y81kw.png\" title=\"icon-fsc\" alt=\"icon-fsc\" loading=\"lazy\" \/>\t\t\t\t\t\t\t\t\t\t\t\t\t<\/div>\n\t\t\t\t<\/div>\n\t\t\t\t\t<\/div>\n\t\t<\/div>\n\t\t\t\t<div class=\"elementor-column elementor-col-50 elementor-inner-column elementor-element elementor-element-3e957e4\" data-id=\"3e957e4\" data-element_type=\"column\">\n\t\t\t<div class=\"elementor-widget-wrap elementor-element-populated\">\n\t\t\t\t\t\t<div class=\"elementor-element elementor-element-f7743cf elementor-widget elementor-widget-text-editor\" data-id=\"f7743cf\" data-element_type=\"widget\" data-widget_type=\"text-editor.default\">\n\t\t\t\t<div class=\"elementor-widget-container\">\n\t\t\t\t\t\t\t<p><strong>CERTIFIKACE BYLA \u00daSP\u011a\u0160N\u011a SLO\u017dENA!<\/strong><\/p><p style=\"text-align: justify;\">Na za\u010d\u00e1tku roku 2019 z\u00edskala Slavuta mezin\u00e1rodn\u00ed certifik\u00e1t FSC.<sup>\u00ae<\/sup> (Forest Stewardship Council<sup>\u00ae<\/sup>), byl n\u00e1m p\u0159id\u011blen k\u00f3d certifik\u00e1tu SGSCH-COC-011522 a \u010d\u00edslo licence FSC-C146821.\u00a0<\/p><p style=\"text-align: justify;\">Hlavn\u00edm c\u00edlem na\u0161eho podnik\u00e1n\u00ed je vyr\u00e1b\u011bt vysoce kvalitn\u00ed, konkurenceschopn\u00e9, bezpe\u010dn\u00e9 a ekologick\u00e9 d\u0159ev\u011bn\u00e9 v\u00fdrobky, kter\u00e9 nejen spl\u0148uj\u00ed po\u017eadavky z\u00e1kazn\u00edk\u016f, ale jsou tak\u00e9 vyrobeny z certifikovan\u00fdch zdroj\u016f. Proto p\u0159i v\u00fdrob\u011b pou\u017e\u00edv\u00e1me pouze d\u0159evo s certifik\u00e1tem FSC, kter\u00e9 poch\u00e1z\u00ed z dob\u0159e obhospoda\u0159ovan\u00fdch les\u016f a odpov\u011bdn\u00fdch zdroj\u016f, kde se hospoda\u0159\u00ed soci\u00e1ln\u011b a ekologicky odpov\u011bdn\u011b. T\u00edm se eliminuje mo\u017enost kontaminace v na\u0161em dodavatelsk\u00e9m \u0159et\u011bzci:<\/p>\t\t\t\t\t\t<\/div>\n\t\t\t\t<\/div>\n\t\t\t\t\t<\/div>\n\t\t<\/div>\n\t\t\t\t\t<\/div>\n\t\t<\/section>\n\t\t\t\t<section class=\"elementor-section elementor-inner-section elementor-element elementor-element-bdd5f62 elementor-section-boxed elementor-section-height-default elementor-section-height-default\" data-id=\"bdd5f62\" data-element_type=\"section\">\n\t\t\t\t\t\t<div class=\"elementor-container elementor-column-gap-default\">\n\t\t\t\t\t<div class=\"elementor-column elementor-col-100 elementor-inner-column elementor-element elementor-element-5858139\" data-id=\"5858139\" data-element_type=\"column\">\n\t\t\t<div class=\"elementor-widget-wrap elementor-element-populated\">\n\t\t\t\t\t\t<div class=\"elementor-element elementor-element-2cd8a20 elementor-widget elementor-widget-text-editor\" data-id=\"2cd8a20\" data-element_type=\"widget\" data-widget_type=\"text-editor.default\">\n\t\t\t\t<div class=\"elementor-widget-container\">\n\t\t\t\t\t\t\t<ul><li><p>neleg\u00e1ln\u011b vyt\u011b\u017een\u00e9 d\u0159evo;<\/p><\/li><li><p>d\u0159evo vyt\u011b\u017een\u00e9 v rozporu s tradi\u010dn\u00edmi a ob\u010dansk\u00fdmi pr\u00e1vy;<\/p><\/li><li><p>d\u0159evo vyt\u011b\u017een\u00e9 v les\u00edch, kde jsou lesn\u00edm hospoda\u0159en\u00edm ohro\u017eeny vysok\u00e9 hodnoty ochrany p\u0159\u00edrody;<\/p><\/li><li><p>d\u0159evo vyt\u011b\u017een\u00e9 na ploch\u00e1ch p\u0159em\u011bn\u011bn\u00fdch na plant\u00e1\u017ee nebo na nelesn\u00ed p\u016fd\u011b;<\/p><\/li><li><p>d\u0159evo z les\u016f, kde se p\u011bstuj\u00ed geneticky modifikovan\u00e9 stromy;<\/p><\/li><li><p>d\u0159evo vyt\u011b\u017een\u00e9 v rozporu s n\u011bkterou z kl\u00ed\u010dov\u00fdch \u00famluv Mezin\u00e1rodn\u00ed organizace pr\u00e1ce (MOP) obsa\u017een\u00fdch v Deklaraci MOP (1998) o z\u00e1kladn\u00edch z\u00e1sad\u00e1ch a pr\u00e1vech p\u0159i pr\u00e1ci.<\/p><\/li><\/ul><p>V\u00edce informac\u00ed o na\u0161em certifik\u00e1tu FSC a produktech, kter\u00e9 m\u016f\u017eeme prod\u00e1vat s certifik\u00e1tem, najdete na webov\u00fdch str\u00e1nk\u00e1ch:<\/p><p><a href=\"https:\/\/info.fsc.org\/details.php?id=a02f300000iwk5HAAQ&amp;type=certificate\" target=\"_blank\" rel=\"noopener\"><span style=\"color: #3366ff;\">https:\/\/info.fsc.org\/details.php?id=a02f300000iwk5HAAQ&amp;type=certificate<\/span><\/a><\/p>\t\t\t\t\t\t<\/div>\n\t\t\t\t<\/div>\n\t\t\t\t\t<\/div>\n\t\t<\/div>\n\t\t\t\t\t<\/div>\n\t\t<\/section>\n\t\t\t\t<section class=\"elementor-section elementor-inner-section elementor-element elementor-element-5d3052d7 elementor-section-boxed elementor-section-height-default elementor-section-height-default\" data-id=\"5d3052d7\" data-element_type=\"section\">\n\t\t\t\t\t\t<div class=\"elementor-container elementor-column-gap-extended\">\n\t\t\t\t\t<div class=\"elementor-column elementor-col-100 elementor-inner-column elementor-element elementor-element-502b9203 elementor-invisible\" data-id=\"502b9203\" data-element_type=\"column\" data-settings=\"{&quot;animation&quot;:&quot;fadeInRight&quot;,&quot;animation_delay&quot;:&quot;300&quot;}\">\n\t\t\t<div class=\"elementor-widget-wrap elementor-element-populated\">\n\t\t\t\t\t\t<div class=\"elementor-element elementor-element-787260ac elementor-widget elementor-widget-heading\" data-id=\"787260ac\" data-element_type=\"widget\" data-widget_type=\"heading.default\">\n\t\t\t\t<div class=\"elementor-widget-container\">\n\t\t\t<h1 class=\"elementor-heading-title elementor-size-default\"><a href=\"#\">Certifik\u00e1ty<\/a><\/h1>\t\t<\/div>\n\t\t\t\t<\/div>\n\t\t\t\t<div class=\"elementor-element elementor-element-4b858c6 elementor-widget elementor-widget-image\" data-id=\"4b858c6\" data-element_type=\"widget\" data-widget_type=\"image.default\">\n\t\t\t\t<div class=\"elementor-widget-container\">\n\t\t\t\t\t\t\t\t\t\t\t\t\t<img decoding=\"async\" width=\"1\" height=\"1\" src=\"https:\/\/slavutawood.com\/wp-content\/uploads\/2019\/11\/fsc-logo.svg\" class=\"attachment-large size-large wp-image-521\" alt=\"\" \/>\t\t\t\t\t\t\t\t\t\t\t\t\t<\/div>\n\t\t\t\t<\/div>\n\t\t\t\t<div class=\"elementor-element elementor-element-d2933ce elementor-widget elementor-widget-image\" data-id=\"d2933ce\" data-element_type=\"widget\" data-widget_type=\"image.default\">\n\t\t\t\t<div class=\"elementor-widget-container\">\n\t\t\t\t\t\t\t\t\t\t\t\t\t<img fetchpriority=\"high\" decoding=\"async\" width=\"726\" height=\"1024\" src=\"https:\/\/slavutawood.com\/wp-content\/uploads\/2023\/03\/cert-2023-726x1024.jpg\" class=\"attachment-large size-large wp-image-624\" alt=\"\" srcset=\"https:\/\/slavutawood.com\/wp-content\/uploads\/2023\/03\/cert-2023-726x1024.jpg 726w, https:\/\/slavutawood.com\/wp-content\/uploads\/2023\/03\/cert-2023-213x300.jpg 213w, https:\/\/slavutawood.com\/wp-content\/uploads\/2023\/03\/cert-2023-768x1083.jpg 768w, https:\/\/slavutawood.com\/wp-content\/uploads\/2023\/03\/cert-2023-9x12.jpg 9w, https:\/\/slavutawood.com\/wp-content\/uploads\/2023\/03\/cert-2023-600x846.jpg 600w, https:\/\/slavutawood.com\/wp-content\/uploads\/2023\/03\/cert-2023.jpg 893w\" sizes=\"(max-width: 726px) 100vw, 726px\" \/>\t\t\t\t\t\t\t\t\t\t\t\t\t<\/div>\n\t\t\t\t<\/div>\n\t\t\t\t<div class=\"elementor-element elementor-element-4e5d9ab6 elementor-align-left elementor-widget elementor-widget-button\" data-id=\"4e5d9ab6\" data-element_type=\"widget\" data-widget_type=\"button.default\">\n\t\t\t\t<div class=\"elementor-widget-container\">\n\t\t\t\t\t<div class=\"elementor-button-wrapper\">\n\t\t\t<a class=\"elementor-button elementor-button-link elementor-size-sm\" href=\"https:\/\/slavutawood.com\/cs\/order-online\/\">\n\t\t\t\t\t\t<span class=\"elementor-button-content-wrapper\">\n\t\t\t\t\t\t<span class=\"elementor-button-icon\">\n\t\t\t\t<i aria-hidden=\"true\" class=\"fas fa-angle-right\"><\/i>\t\t\t<\/span>\n\t\t\t\t\t\t\t\t\t<span class=\"elementor-button-text\">Na objedn\u00e1vku \u0159eziva<\/span>\n\t\t\t\t\t<\/span>\n\t\t\t\t\t<\/a>\n\t\t<\/div>\n\t\t\t\t<\/div>\n\t\t\t\t<\/div>\n\t\t\t\t\t<\/div>\n\t\t<\/div>\n\t\t\t\t\t<\/div>\n\t\t<\/section>\n\t\t\t\t\t<\/div>\n\t\t<\/div>\n\t\t\t\t\t<\/div>\n\t\t<\/section>\n\t\t\t\t<\/div>","protected":false},"excerpt":{"rendered":"<p>\u041f\u043e\u043f\u0435\u0440\u0435\u0434\u043d\u0456\u0439 \u041d\u0430\u0441\u0442\u0443\u043f\u043d\u0430 \u041d\u0430\u0448\u0456 \u0441\u0435\u0440\u0442\u0438\u0444\u0456\u043a\u0430\u0442\u0438 \u041c\u041f \u0421\u043b\u0430\u0432\u0443\u0442\u0430 \u0421\u0415\u0420\u0422\u0418\u0424\u0406\u041a\u0410\u0426\u0406\u042e \u0423\u0421\u041f\u0406\u0428\u041d\u041e \u041f\u0420\u041e\u0419\u0414\u0415\u041d\u041e! \u041d\u0430 \u043f\u043e\u0447\u0430\u0442\u043a\u0443 2019 \u0440\u043e\u043a\u0443 \u041c\u041f \u00ab\u0421\u041b\u0410\u0412\u0423\u0422\u0410\u00bb \u043e\u0442\u0440\u0438\u043c\u0430\u043b\u043e \u043c\u0456\u0436\u043d\u0430\u0440\u043e\u0434\u043d\u0438\u0439 \u0441\u0435\u0440\u0442\u0438\u0444\u0456\u043a\u0430\u0442 FSC\u00ae (Forest Stewardship Council\u00ae), \u043d\u0430\u043c \u043f\u0440\u0438\u0441\u0432\u043e\u0454\u043d\u043e \u043a\u043e\u0434 \u0441\u0435\u0440\u0442\u0438\u0444\u0456\u043a\u0430\u0442\u0443 SGSCH-COC-011522 \u0442\u0430 \u043d\u043e\u043c\u0435\u0440 \u043b\u0456\u0446\u0435\u043d\u0437\u0456\u0457 FSC-C146821.\u00a0 \u0413\u043e\u043b\u043e\u0432\u043d\u043e\u044e \u043c\u0435\u0442\u043e\u044e \u043d\u0430\u0448\u043e\u0457 \u0434\u0456\u044f\u043b\u044c\u043d\u043e\u0441\u0442\u0456 \u0454 \u0432\u0438\u0440\u043e\u0431\u043d\u0438\u0446\u0442\u0432\u043e \u044f\u043a\u0456\u0441\u043d\u043e\u0457, \u043a\u043e\u043d\u043a\u0443\u0440\u0435\u043d\u0442\u043e\u0441\u043f\u0440\u043e\u043c\u043e\u0436\u043d\u043e\u0457, \u0431\u0435\u0437\u043f\u0435\u0447\u043d\u043e\u0457, \u0435\u043a\u043e\u043b\u043e\u0433\u0456\u0447\u043d\u043e \u0447\u0438\u0441\u0442\u043e\u0457 \u043f\u0440\u043e\u0434\u0443\u043a\u0446\u0456\u0457 \u0437 \u0434\u0435\u0440\u0435\u0432\u0438\u043d\u0438, \u0449\u043e \u043d\u0435 \u0442\u0456\u043b\u044c\u043a\u0438 \u0437\u0430\u0434\u043e\u0432\u043e\u043b\u044c\u043d\u044f\u0454 \u0432\u0438\u043c\u043e\u0433\u0438 \u0441\u043f\u043e\u0436\u0438\u0432\u0430\u0447\u0456\u0432, \u0430\u043b\u0435 \u0439 \u0432\u0438\u0433\u043e\u0442\u043e\u0432\u043b\u0435\u043d\u0430 \u0456\u0437 [&hellip;]<\/p>","protected":false},"author":1,"featured_media":0,"parent":0,"menu_order":0,"comment_status":"closed","ping_status":"closed","template":"","meta":{"site-sidebar-layout":"no-sidebar","site-content-layout":"page-builder","ast-site-content-layout":"","site-content-style":"default","site-sidebar-style":"default","ast-global-header-display":"","ast-banner-title-visibility":"","ast-main-header-display":"","ast-hfb-above-header-display":"","ast-hfb-below-header-display":"","ast-hfb-mobile-header-display":"","site-post-title":"disabled","ast-breadcrumbs-content":"","ast-featured-img":"disabled","footer-sml-layout":"","theme-transparent-header-meta":"default","adv-header-id-meta":"","stick-header-meta":"default","header-above-stick-meta":"","header-main-stick-meta":"","header-below-stick-meta":"","astra-migrate-meta-layouts":"default","ast-page-background-enabled":"default","ast-page-background-meta":{"desktop":{"background-color":"var(--ast-global-color-4)","background-image":"","background-repeat":"repeat","background-position":"center center","background-size":"auto","background-attachment":"scroll","background-type":"","background-media":"","overlay-type":"","overlay-color":"","overlay-opacity":"","overlay-gradient":""},"tablet":{"background-color":"","background-image":"","background-repeat":"repeat","background-position":"center center","background-size":"auto","background-attachment":"scroll","background-type":"","background-media":"","overlay-type":"","overlay-color":"","overlay-opacity":"","overlay-gradient":""},"mobile":{"background-color":"","background-image":"","background-repeat":"repeat","background-position":"center center","background-size":"auto","background-attachment":"scroll","background-type":"","background-media":"","overlay-type":"","overlay-color":"","overlay-opacity":"","overlay-gradient":""}},"ast-content-background-meta":{"desktop":{"background-color":"var(--ast-global-color-5)","background-image":"","background-repeat":"repeat","background-position":"center center","background-size":"auto","background-attachment":"scroll","background-type":"","background-media":"","overlay-type":"","overlay-color":"","overlay-opacity":"","overlay-gradient":""},"tablet":{"background-color":"var(--ast-global-color-5)","background-image":"","background-repeat":"repeat","background-position":"center center","background-size":"auto","background-attachment":"scroll","background-type":"","background-media":"","overlay-type":"","overlay-color":"","overlay-opacity":"","overlay-gradient":""},"mobile":{"background-color":"var(--ast-global-color-5)","background-image":"","background-repeat":"repeat","background-position":"center center","background-size":"auto","background-attachment":"scroll","background-type":"","background-media":"","overlay-type":"","overlay-color":"","overlay-opacity":"","overlay-gradient":""}},"footnotes":"","_links_to":"","_links_to_target":""},"class_list":["post-511","page","type-page","status-publish","hentry"],"_links":{"self":[{"href":"https:\/\/slavutawood.com\/cs\/wp-json\/wp\/v2\/pages\/511"}],"collection":[{"href":"https:\/\/slavutawood.com\/cs\/wp-json\/wp\/v2\/pages"}],"about":[{"href":"https:\/\/slavutawood.com\/cs\/wp-json\/wp\/v2\/types\/page"}],"author":[{"embeddable":true,"href":"https:\/\/slavutawood.com\/cs\/wp-json\/wp\/v2\/users\/1"}],"replies":[{"embeddable":true,"href":"https:\/\/slavutawood.com\/cs\/wp-json\/wp\/v2\/comments?post=511"}],"version-history":[{"count":5,"href":"https:\/\/slavutawood.com\/cs\/wp-json\/wp\/v2\/pages\/511\/revisions"}],"predecessor-version":[{"id":633,"href":"https:\/\/slavutawood.com\/cs\/wp-json\/wp\/v2\/pages\/511\/revisions\/633"}],"wp:attachment":[{"href":"https:\/\/slavutawood.com\/cs\/wp-json\/wp\/v2\/media?parent=511"}],"curies":[{"name":"wp","href":"https:\/\/api.w.org\/{rel}","templated":true}]}}